{"id":436,"date":"2021-01-19T12:44:47","date_gmt":"2021-01-19T10:44:47","guid":{"rendered":"https:\/\/uus.unikconsulting.fi\/ettevottest\/"},"modified":"2021-08-25T17:30:31","modified_gmt":"2021-08-25T14:30:31","slug":"ettevottest","status":"publish","type":"page","link":"https:\/\/uus.unikconsulting.fi\/et\/ettevottest\/","title":{"rendered":"Ettev\u00f5ttest"},"content":{"rendered":"\n<div class=\"wp-block-columns are-vertically-aligned-center is-layout-flex wp-container-core-columns-is-layout-28f84493 wp-block-columns-is-layout-flex\">\n<div class=\"wp-block-column is-vertically-aligned-center is-layout-flow wp-block-column-is-layout-flow\" style=\"flex-basis:40%\">\n<p>Ettev\u00f5tte andmed: Unik Consulting on 2019. aastal asutatud ettev\u00f5te, mis pakub raamatupidamisteenuseid ja \u00e4rin\u00f5ustamist. Unik Consultingu taga on ettev\u00f5tja Reelika Saar, kellel on aastatepikkune kogemus raamatupidamises ja finantsjuhtimises ning magistrikraad majanduses ja ettev\u00f5tluses.<\/p>\n\n\n\n<h4 class=\"wp-block-heading\"><em>Pika kogemuse ja koolitustausta t\u00f5ttu oskan eriti h\u00e4sti toetada ettev\u00f5tjaid. Oskan raportites sisalduvat infot edasi anda nii, et iga ettev\u00f5tja m\u00f5istab ja saab kasulikku majandusinfot ettev\u00f5tte majandustegevuse korraldamiseks. Aitan hea meelega iga ala ettev\u00f5tjat. &#8211; ettev\u00f5tja Reelika Saar <\/em><\/h4>\n\n\n\n<p><strong>Reelika eritugevuseks on Eesti ja Soome maksus\u00fcsteemide ning t\u00f6\u00f6seaduste tundmine<\/strong>. Unik Consulting eristub teistest sama ala ettev\u00f5tetest selle poolest, et ettev\u00f5tja <strong>Reelika pakub teenuseid kolmes keeles: soome, eesti ja inglise keeles.<\/strong><\/p>\n\n\n\n<p>Unik Consultingi teenused on suunatud ettev\u00f5tjatele, kellel on majandustegevus Soomes v\u00f5i kes soovivad asutada oma ettev\u00f5tet. Reelika aitab meeleldi uusi ettev\u00f5tjaid ja teisalt ka pikemalt turul olnud ettev\u00f5tteid, kes soovivad n\u00e4iteks suurendada kasumit v\u00f5i optimeerida kulusid. Reelikal on eriti laialdased teadmised  ehitusalalt ja mitmed kliendid ongi just ehitusettev\u00f5tted, kes toimetavad Soomes, Eestis v\u00f5i m\u00f5lemal maal. <\/p>\n\n\n\n<p>Reelika on Tuusula raamatupidaja, kes teenindab kliente kogu Soomes digitaalse tehnoloogia abil. <\/p>\n\n\n\n<p><strong>Unik Consulting soovib s\u00e4\u00e4st\u00e4 loodust ja aidata ettev\u00f5tteid loobuma mappidest ja paberikaosest. Seet\u00f5ttu Reelika pakub elektroonseid teenuseid. Kuigi paberivaba raamatupidamine on looduss\u00f5bralik, s\u00e4\u00e4stab see ka ettev\u00f5tjate aega ja raha ning v\u00f5imaldab j\u00e4lgida raamatupidamist ja raporteid reaalajas. <\/strong><\/p>\n\n\n\n<p>J\u00e4lgi Unik Consultingi tegemisi ka sotsiaalmeedias. J\u00e4lgida saab <a href=\"https:\/\/www.facebook.com\/Unikconsulting.fi\/\" target=\"_blank\" rel=\"noopener\">siit<\/a>. Sotsiaalmeedias on olulisi uudiseid ettev\u00f5tja jaoks.<\/p>\n<\/div>\n\n\n\n<div class=\"wp-block-column is-vertically-aligned-center is-layout-flow wp-block-column-is-layout-flow\" style=\"flex-basis:55%\">\n<figure class=\"wp-block-image size-large\"><img fetchpriority=\"high\" decoding=\"async\" width=\"708\" height=\"1024\" src=\"https:\/\/uus.unikconsulting.fi\/wp-content\/uploads\/2021\/08\/53A5746-Edit-708x1024.jpg\" alt=\"\" class=\"wp-image-500\" srcset=\"https:\/\/uus.unikconsulting.fi\/wp-content\/uploads\/2021\/08\/53A5746-Edit-708x1024.jpg 708w, https:\/\/uus.unikconsulting.fi\/wp-content\/uploads\/2021\/08\/53A5746-Edit-207x300.jpg 207w, https:\/\/uus.unikconsulting.fi\/wp-content\/uploads\/2021\/08\/53A5746-Edit-768x1111.jpg 768w, https:\/\/uus.unikconsulting.fi\/wp-content\/uploads\/2021\/08\/53A5746-Edit-1062x1536.jpg 1062w, https:\/\/uus.unikconsulting.fi\/wp-content\/uploads\/2021\/08\/53A5746-Edit-1416x2048.jpg 1416w, https:\/\/uus.unikconsulting.fi\/wp-content\/uploads\/2021\/08\/53A5746-Edit-scaled.jpg 1770w\" sizes=\"(max-width: 708px) 100vw, 708px\" \/><\/figure>\n<\/div>\n<\/div>\n\n\n\n<p> <\/p>\n","protected":false},"excerpt":{"rendered":"<p>Ettev\u00f5tte andmed: Unik Consulting on 2019. aastal asutatud ettev\u00f5te, mis pakub raamatupidamisteenuseid ja \u00e4rin\u00f5ustamist. Unik Consultingu taga on ettev\u00f5tja Reelika [&hellip;]<\/p>\n","protected":false},"author":1,"featured_media":0,"parent":0,"menu_order":0,"comment_status":"closed","ping_status":"closed","template":"elementor_header_footer","meta":{"site-sidebar-layout":"no-sidebar","site-content-layout":"","ast-site-content-layout":"full-width-container","site-content-style":"default","site-sidebar-style":"default","ast-global-header-display":"","ast-banner-title-visibility":"","ast-main-header-display":"","ast-hfb-above-header-display":"","ast-hfb-below-header-display":"","ast-hfb-mobile-header-display":"","site-post-title":"","ast-breadcrumbs-content":"","ast-featured-img":"","footer-sml-layout":"","ast-disable-related-posts":"","theme-transparent-header-meta":"","adv-header-id-meta":"","stick-header-meta":"","header-above-stick-meta":"","header-main-stick-meta":"","header-below-stick-meta":"","astra-migrate-meta-layouts":"default","ast-page-background-enabled":"default","ast-page-background-meta":{"desktop":{"background-color":"var(--ast-global-color-5)","background-image":"","background-repeat":"repeat","background-position":"center center","background-size":"auto","background-attachment":"scroll","background-type":"","background-media":"","overlay-type":"","overlay-color":"","overlay-opacity":"","overlay-gradient":""},"tablet":{"background-color":"","background-image":"","background-repeat":"repeat","background-position":"center center","background-size":"auto","background-attachment":"scroll","background-type":"","background-media":"","overlay-type":"","overlay-color":"","overlay-opacity":"","overlay-gradient":""},"mobile":{"background-color":"","background-image":"","background-repeat":"repeat","background-position":"center center","background-size":"auto","background-attachment":"scroll","background-type":"","background-media":"","overlay-type":"","overlay-color":"","overlay-opacity":"","overlay-gradient":""}},"ast-content-background-meta":{"desktop":{"background-color":"var(--ast-global-color-4)","background-image":"","background-repeat":"repeat","background-position":"center center","background-size":"auto","background-attachment":"scroll","background-type":"","background-media":"","overlay-type":"","overlay-color":"","overlay-opacity":"","overlay-gradient":""},"tablet":{"background-color":"var(--ast-global-color-4)","background-image":"","background-repeat":"repeat","background-position":"center center","background-size":"auto","background-attachment":"scroll","background-type":"","background-media":"","overlay-type":"","overlay-color":"","overlay-opacity":"","overlay-gradient":""},"mobile":{"background-color":"var(--ast-global-color-4)","background-image":"","background-repeat":"repeat","background-position":"center center","background-size":"auto","background-attachment":"scroll","background-type":"","background-media":"","overlay-type":"","overlay-color":"","overlay-opacity":"","overlay-gradient":""}},"footnotes":""},"class_list":["post-436","page","type-page","status-publish","hentry"],"_links":{"self":[{"href":"https:\/\/uus.unikconsulting.fi\/et\/wp-json\/wp\/v2\/pages\/436","targetHints":{"allow":["GET"]}}],"collection":[{"href":"https:\/\/uus.unikconsulting.fi\/et\/wp-json\/wp\/v2\/pages"}],"about":[{"href":"https:\/\/uus.unikconsulting.fi\/et\/wp-json\/wp\/v2\/types\/page"}],"author":[{"embeddable":true,"href":"https:\/\/uus.unikconsulting.fi\/et\/wp-json\/wp\/v2\/users\/1"}],"replies":[{"embeddable":true,"href":"https:\/\/uus.unikconsulting.fi\/et\/wp-json\/wp\/v2\/comments?post=436"}],"version-history":[{"count":5,"href":"https:\/\/uus.unikconsulting.fi\/et\/wp-json\/wp\/v2\/pages\/436\/revisions"}],"predecessor-version":[{"id":546,"href":"https:\/\/uus.unikconsulting.fi\/et\/wp-json\/wp\/v2\/pages\/436\/revisions\/546"}],"wp:attachment":[{"href":"https:\/\/uus.unikconsulting.fi\/et\/wp-json\/wp\/v2\/media?parent=436"}],"curies":[{"name":"wp","href":"https:\/\/api.w.org\/{rel}","templated":true}]}}